{"id":7816,"date":"2024-10-25T22:00:34","date_gmt":"2024-10-25T21:00:34","guid":{"rendered":"https:\/\/www.micoulou-photos.com\/?page_id=7816"},"modified":"2024-11-16T02:16:55","modified_gmt":"2024-11-16T01:16:55","slug":"accueil-v3-photantik-techantik","status":"publish","type":"page","link":"https:\/\/www.micoulou-photos.com\/","title":{"rendered":"Mickael Minarie &#8211; Phot&rsquo;antik &#8211; Tech&rsquo;antik"},"content":{"rendered":"\t\t<div data-elementor-type=\"wp-page\" data-elementor-id=\"7816\" class=\"elementor elementor-7816\" data-elementor-post-type=\"page\">\n\t\t\t\t\t\t<section class=\"elementor-section elementor-top-section elementor-element elementor-element-40d92ba2 elementor-section-height-min-height elementor-section-content-top elementor-reverse-mobile elementor-section-items-bottom elementor-section-boxed elementor-section-height-default\" data-id=\"40d92ba2\" data-element_type=\"section\" data-e-type=\"section\" data-settings=\"{&quot;background_background&quot;:&quot;classic&quot;}\">\n\t\t\t\t\t\t<div class=\"elementor-container elementor-column-gap-no\">\n\t\t\t\t\t<div class=\"elementor-column elementor-col-50 elementor-top-column elementor-element elementor-element-7880ec54\" data-id=\"7880ec54\" data-element_type=\"column\" data-e-type=\"column\">\n\t\t\t<div class=\"elementor-widget-wrap elementor-element-populated\">\n\t\t\t\t\t\t<div class=\"elementor-element elementor-element-46e34950 elementor-widget elementor-widget-heading\" data-id=\"46e34950\" data-element_type=\"widget\" data-e-type=\"widget\" data-widget_type=\"heading.default\">\n\t\t\t\t<div class=\"elementor-widget-container\">\n\t\t\t\t\t<h2 class=\"elementor-heading-title elementor-size-default\">Mickael Minarie<\/h2>\t\t\t\t<\/div>\n\t\t\t\t<\/div>\n\t\t\t\t<div class=\"elementor-element elementor-element-12332bc6 elementor-widget elementor-widget-text-editor\" data-id=\"12332bc6\" data-element_type=\"widget\" data-e-type=\"widget\" data-widget_type=\"text-editor.default\">\n\t\t\t\t<div class=\"elementor-widget-container\">\n\t\t\t\t\t\t\t\t\t<h3><em><strong>Photographe atypique et passionn\u00e9.<br \/><\/strong><\/em><\/h3><h3><em><strong>Vid\u00e9aste Youtubeur <\/strong><\/em>des chaines <a href=\"https:\/\/www.youtube.com\/@Photantik\/\"><br \/>Tech&rsquo;antik et Phot&rsquo;antik<\/a><\/h3>\t\t\t\t\t\t\t\t<\/div>\n\t\t\t\t<\/div>\n\t\t\t\t\t<\/div>\n\t\t<\/div>\n\t\t\t\t<div class=\"elementor-column elementor-col-50 elementor-top-column elementor-element elementor-element-52d1b9a4\" data-id=\"52d1b9a4\" data-element_type=\"column\" data-e-type=\"column\">\n\t\t\t<div class=\"elementor-widget-wrap\">\n\t\t\t\t\t\t\t<\/div>\n\t\t<\/div>\n\t\t\t\t\t<\/div>\n\t\t<\/section>\n\t\t\t\t<\/div>\n\t\t","protected":false},"excerpt":{"rendered":"<p>Mickael Minarie &#8211; Photographe et vid\u00e9aste<\/p>\n","protected":false},"author":1,"featured_media":0,"parent":0,"menu_order":0,"comment_status":"closed","ping_status":"closed","template":"","meta":{"jetpack_post_was_ever_published":false,"footnotes":""},"class_list":["post-7816","page","type-page","status-publish","hentry"],"yoast_head":"<!-- This site is optimized with the Yoast SEO plugin v27.3 - https:\/\/yoast.com\/product\/yoast-seo-wordpress\/ -->\n<title>Mickael Minarie - Phot&#039;antik - Tech&#039;antik - Micoulou Photographie<\/title>\n<meta name=\"robots\" content=\"index, follow, max-snippet:-1, max-image-preview:large, max-video-preview:-1\" \/>\n<link rel=\"canonical\" href=\"https:\/\/www.micoulou-photos.com\/\" \/>\n<meta property=\"og:locale\" content=\"fr_FR\" \/>\n<meta property=\"og:type\" content=\"article\" \/>\n<meta property=\"og:title\" content=\"Mickael Minarie - Phot&#039;antik - Tech&#039;antik - Micoulou Photographie\" \/>\n<meta property=\"og:description\" content=\"Mickael Minarie - Photographe et vid\u00e9aste\" \/>\n<meta property=\"og:url\" content=\"https:\/\/www.micoulou-photos.com\/\" \/>\n<meta property=\"og:site_name\" content=\"Micoulou Photographie\" \/>\n<meta property=\"article:modified_time\" content=\"2024-11-16T01:16:55+00:00\" \/>\n<meta name=\"twitter:card\" content=\"summary_large_image\" \/>\n<meta name=\"twitter:label1\" content=\"Dur\u00e9e de lecture estim\u00e9e\" \/>\n\t<meta name=\"twitter:data1\" content=\"1 minute\" \/>\n<script type=\"application\/ld+json\" class=\"yoast-schema-graph\">{\"@context\":\"https:\\\/\\\/schema.org\",\"@graph\":[{\"@type\":\"WebPage\",\"@id\":\"https:\\\/\\\/www.micoulou-photos.com\\\/\",\"url\":\"https:\\\/\\\/www.micoulou-photos.com\\\/\",\"name\":\"Mickael Minarie - Phot'antik - Tech'antik - Micoulou Photographie\",\"isPartOf\":{\"@id\":\"https:\\\/\\\/www.micoulou-photos.com\\\/#website\"},\"datePublished\":\"2024-10-25T21:00:34+00:00\",\"dateModified\":\"2024-11-16T01:16:55+00:00\",\"breadcrumb\":{\"@id\":\"https:\\\/\\\/www.micoulou-photos.com\\\/#breadcrumb\"},\"inLanguage\":\"fr-FR\",\"potentialAction\":[{\"@type\":\"ReadAction\",\"target\":[\"https:\\\/\\\/www.micoulou-photos.com\\\/\"]}]},{\"@type\":\"BreadcrumbList\",\"@id\":\"https:\\\/\\\/www.micoulou-photos.com\\\/#breadcrumb\",\"itemListElement\":[{\"@type\":\"ListItem\",\"position\":1,\"name\":\"Accueil\",\"item\":\"https:\\\/\\\/www.micoulou-photos.com\\\/\"},{\"@type\":\"ListItem\",\"position\":2,\"name\":\"Mickael Minarie &#8211; Phot&rsquo;antik &#8211; Tech&rsquo;antik\"}]},{\"@type\":\"WebSite\",\"@id\":\"https:\\\/\\\/www.micoulou-photos.com\\\/#website\",\"url\":\"https:\\\/\\\/www.micoulou-photos.com\\\/\",\"name\":\"Micoulou Photographie\",\"description\":\"Photographies, Visites virtuelles et formations par Mickael Minarie\",\"publisher\":{\"@id\":\"https:\\\/\\\/www.micoulou-photos.com\\\/#organization\"},\"potentialAction\":[{\"@type\":\"SearchAction\",\"target\":{\"@type\":\"EntryPoint\",\"urlTemplate\":\"https:\\\/\\\/www.micoulou-photos.com\\\/?s={search_term_string}\"},\"query-input\":{\"@type\":\"PropertyValueSpecification\",\"valueRequired\":true,\"valueName\":\"search_term_string\"}}],\"inLanguage\":\"fr-FR\"},{\"@type\":\"Organization\",\"@id\":\"https:\\\/\\\/www.micoulou-photos.com\\\/#organization\",\"name\":\"Micoulou Photographie\",\"url\":\"https:\\\/\\\/www.micoulou-photos.com\\\/\",\"logo\":{\"@type\":\"ImageObject\",\"inLanguage\":\"fr-FR\",\"@id\":\"https:\\\/\\\/www.micoulou-photos.com\\\/#\\\/schema\\\/logo\\\/image\\\/\",\"url\":\"https:\\\/\\\/i0.wp.com\\\/www.micoulou-photos.com\\\/wp-content\\\/uploads\\\/2020\\\/05\\\/cropped-891667_552097324824916_1615181552_o-1.jpg?fit=643%2C722&ssl=1\",\"contentUrl\":\"https:\\\/\\\/i0.wp.com\\\/www.micoulou-photos.com\\\/wp-content\\\/uploads\\\/2020\\\/05\\\/cropped-891667_552097324824916_1615181552_o-1.jpg?fit=643%2C722&ssl=1\",\"width\":643,\"height\":722,\"caption\":\"Micoulou Photographie\"},\"image\":{\"@id\":\"https:\\\/\\\/www.micoulou-photos.com\\\/#\\\/schema\\\/logo\\\/image\\\/\"}}]}<\/script>\n<!-- \/ Yoast SEO plugin. -->","yoast_head_json":{"title":"Mickael Minarie - Phot'antik - Tech'antik - Micoulou Photographie","robots":{"index":"index","follow":"follow","max-snippet":"max-snippet:-1","max-image-preview":"max-image-preview:large","max-video-preview":"max-video-preview:-1"},"canonical":"https:\/\/www.micoulou-photos.com\/","og_locale":"fr_FR","og_type":"article","og_title":"Mickael Minarie - Phot'antik - Tech'antik - Micoulou Photographie","og_description":"Mickael Minarie - Photographe et vid\u00e9aste","og_url":"https:\/\/www.micoulou-photos.com\/","og_site_name":"Micoulou Photographie","article_modified_time":"2024-11-16T01:16:55+00:00","twitter_card":"summary_large_image","twitter_misc":{"Dur\u00e9e de lecture estim\u00e9e":"1 minute"},"schema":{"@context":"https:\/\/schema.org","@graph":[{"@type":"WebPage","@id":"https:\/\/www.micoulou-photos.com\/","url":"https:\/\/www.micoulou-photos.com\/","name":"Mickael Minarie - Phot'antik - Tech'antik - Micoulou Photographie","isPartOf":{"@id":"https:\/\/www.micoulou-photos.com\/#website"},"datePublished":"2024-10-25T21:00:34+00:00","dateModified":"2024-11-16T01:16:55+00:00","breadcrumb":{"@id":"https:\/\/www.micoulou-photos.com\/#breadcrumb"},"inLanguage":"fr-FR","potentialAction":[{"@type":"ReadAction","target":["https:\/\/www.micoulou-photos.com\/"]}]},{"@type":"BreadcrumbList","@id":"https:\/\/www.micoulou-photos.com\/#breadcrumb","itemListElement":[{"@type":"ListItem","position":1,"name":"Accueil","item":"https:\/\/www.micoulou-photos.com\/"},{"@type":"ListItem","position":2,"name":"Mickael Minarie &#8211; Phot&rsquo;antik &#8211; Tech&rsquo;antik"}]},{"@type":"WebSite","@id":"https:\/\/www.micoulou-photos.com\/#website","url":"https:\/\/www.micoulou-photos.com\/","name":"Micoulou Photographie","description":"Photographies, Visites virtuelles et formations par Mickael Minarie","publisher":{"@id":"https:\/\/www.micoulou-photos.com\/#organization"},"potentialAction":[{"@type":"SearchAction","target":{"@type":"EntryPoint","urlTemplate":"https:\/\/www.micoulou-photos.com\/?s={search_term_string}"},"query-input":{"@type":"PropertyValueSpecification","valueRequired":true,"valueName":"search_term_string"}}],"inLanguage":"fr-FR"},{"@type":"Organization","@id":"https:\/\/www.micoulou-photos.com\/#organization","name":"Micoulou Photographie","url":"https:\/\/www.micoulou-photos.com\/","logo":{"@type":"ImageObject","inLanguage":"fr-FR","@id":"https:\/\/www.micoulou-photos.com\/#\/schema\/logo\/image\/","url":"https:\/\/i0.wp.com\/www.micoulou-photos.com\/wp-content\/uploads\/2020\/05\/cropped-891667_552097324824916_1615181552_o-1.jpg?fit=643%2C722&ssl=1","contentUrl":"https:\/\/i0.wp.com\/www.micoulou-photos.com\/wp-content\/uploads\/2020\/05\/cropped-891667_552097324824916_1615181552_o-1.jpg?fit=643%2C722&ssl=1","width":643,"height":722,"caption":"Micoulou Photographie"},"image":{"@id":"https:\/\/www.micoulou-photos.com\/#\/schema\/logo\/image\/"}}]}},"jetpack_sharing_enabled":true,"jetpack_shortlink":"https:\/\/wp.me\/P7zKF4-224","jetpack-related-posts":[{"id":5624,"url":"https:\/\/www.micoulou-photos.com\/index.php\/contact\/","url_meta":{"origin":7816,"position":0},"title":"Contact","author":"micoulou","date":"13 avril 2020","format":false,"excerpt":"Vous venez de visitez mon site, et vous souhaitez qu'on se contacte pour parler de votre projet ou pour toutes autres raisons, c'est bien ici.Je suis aussi joignable sur les r\u00e9seaux sociaux : \u00a0 Facebook : phot'antik \/ tech'antik par Mickael Minarie Linkedin : mickael.minarie instagram @mickaelminarie (aussi sur\u00a0thread) ou\u2026","rel":"","context":"Article similaire","block_context":{"text":"Article similaire","link":""},"img":{"alt_text":"","src":"","width":0,"height":0},"classes":[]},{"id":5596,"url":"https:\/\/www.micoulou-photos.com\/index.php\/micoulou-photographe\/","url_meta":{"origin":7816,"position":1},"title":"Micoulou Photographe","author":"micoulou","date":"14 avril 2020","format":false,"excerpt":"Mickael Minarie Photographe en nouvelle aquitaine Portfolio Arrow-home Photographe de Reportage et VR Un mariage, concert ou tout autre \u00e9v\u00e9nement m\u00e9morable ? Vous souhaitez mettre en valeur vos h\u00e9bergements ? Je vous r\u00e9alise un reportage photo sur mesure et original. Ce que je vous propose technologies atypiques Comprendre et cr\u00e9er\u2026","rel":"","context":"Article similaire","block_context":{"text":"Article similaire","link":""},"img":{"alt_text":"","src":"","width":0,"height":0},"classes":[]},{"id":6141,"url":"https:\/\/www.micoulou-photos.com\/index.php\/les-formations\/","url_meta":{"origin":7816,"position":2},"title":"Les formations","author":"micoulou","date":"26 mai 2020","format":false,"excerpt":"Formations informatique par Mickael Minarie Linux, GIMP et Photoshop par un passionn\u00e9 pour les pro arrow-icon-down D\u00e9couvrir les cours Cours 1 Cours Linux et unix Maitriser les syst\u00e8me d'exploitation Unix et Linux, pour les administrateurs syst\u00e8mes, d\u00e9veloppeurs ou techniciens informatiques. comprendre et maitriser un os libre en 2 ou 3\u2026","rel":"","context":"Article similaire","block_context":{"text":"Article similaire","link":""},"img":{"alt_text":"","src":"https:\/\/i0.wp.com\/www.micoulou-photos.com\/wp-content\/uploads\/2020\/05\/IMGP5760.jpg?fit=800%2C530&ssl=1&resize=350%2C200","width":350,"height":200,"srcset":"https:\/\/i0.wp.com\/www.micoulou-photos.com\/wp-content\/uploads\/2020\/05\/IMGP5760.jpg?fit=800%2C530&ssl=1&resize=350%2C200 1x, https:\/\/i0.wp.com\/www.micoulou-photos.com\/wp-content\/uploads\/2020\/05\/IMGP5760.jpg?fit=800%2C530&ssl=1&resize=525%2C300 1.5x, https:\/\/i0.wp.com\/www.micoulou-photos.com\/wp-content\/uploads\/2020\/05\/IMGP5760.jpg?fit=800%2C530&ssl=1&resize=700%2C400 2x"},"classes":[]},{"id":1592,"url":"https:\/\/www.micoulou-photos.com\/index.php\/page-dacceuil\/","url_meta":{"origin":7816,"position":3},"title":"Visites virtuelles, paysages oniriques et vie alternative par Mickael Minarie","author":"micoulou","date":"29 mai 2016","format":false,"excerpt":"Photographe en nouvelle aquitaine Attention : en avril 2020, je refais mon site, tout va changer ! Il risque d'y avoir des soucis pendant quelques jours... Photographe de Reportage et VRUn mariage, concert ou tout autre \u00e9v\u00e9nement m\u00e9morable ? Je vous r\u00e9alise un reportage photo sur mesure et originale. Disponible\u2026","rel":"","context":"Article similaire","block_context":{"text":"Article similaire","link":""},"img":{"alt_text":"","src":"https:\/\/i0.wp.com\/www.micoulou-photos.com\/wp-content\/uploads\/2020\/03\/Photantik-logo-2018-small.jpg?resize=350%2C200&ssl=1","width":350,"height":200,"srcset":"https:\/\/i0.wp.com\/www.micoulou-photos.com\/wp-content\/uploads\/2020\/03\/Photantik-logo-2018-small.jpg?resize=350%2C200&ssl=1 1x, https:\/\/i0.wp.com\/www.micoulou-photos.com\/wp-content\/uploads\/2020\/03\/Photantik-logo-2018-small.jpg?resize=525%2C300&ssl=1 1.5x"},"classes":[]},{"id":3674,"url":"https:\/\/www.micoulou-photos.com\/index.php\/photantik-chaine-youtube\/","url_meta":{"origin":7816,"position":4},"title":"Phot&rsquo;antik et Tech&rsquo;Antik : Chaine Youtube","author":"micoulou","date":"17 octobre 2017","format":false,"excerpt":"L'histoire de la technologie ou de la photographie vous int\u00e9resse ?Vous voulez voir comment exp\u00e9rimenter avec des anciens ordinateurs, des cassettes audio ou des vieux appareils photos ?Je vous donne rendez-vous sur ma chaine Youtube, avec plus de 400 vid\u00e9os, partag\u00e9es entre 2 \u00e9missions : Phot'antik pour ce qui est\u2026","rel":"","context":"Article similaire","block_context":{"text":"Article similaire","link":""},"img":{"alt_text":"","src":"https:\/\/i0.wp.com\/www.micoulou-photos.com\/wp-content\/uploads\/2024\/11\/banniere-youtube-800px.jpg?resize=350%2C200&ssl=1","width":350,"height":200,"srcset":"https:\/\/i0.wp.com\/www.micoulou-photos.com\/wp-content\/uploads\/2024\/11\/banniere-youtube-800px.jpg?resize=350%2C200&ssl=1 1x, https:\/\/i0.wp.com\/www.micoulou-photos.com\/wp-content\/uploads\/2024\/11\/banniere-youtube-800px.jpg?resize=525%2C300&ssl=1 1.5x, https:\/\/i0.wp.com\/www.micoulou-photos.com\/wp-content\/uploads\/2024\/11\/banniere-youtube-800px.jpg?resize=700%2C400&ssl=1 2x"},"classes":[]},{"id":5576,"url":"https:\/\/www.micoulou-photos.com\/index.php\/votre-reportage\/","url_meta":{"origin":7816,"position":5},"title":"Votre reportage","author":"micoulou","date":"12 avril 2020","format":false,"excerpt":"Photoreportage Reportage photo sur un \u00e9v\u00e8nement type mariage, anniversaire, f\u00eate... Videoreportage Un reportage vid\u00e9o sur des \u00e9v\u00e8nements culturels, mariages... Visites virtuelles photographie \u00e0 360\u00b0 de type VR pour de la photographie immobili\u00e8re. Micka\u00ebl Minarie, photographe atypique et authentique Je pense \u00eatre authentique car vivant parfois \u00ab dans ma bulle \u00bb,\u2026","rel":"","context":"Article similaire","block_context":{"text":"Article similaire","link":""},"img":{"alt_text":"portrait Mickael Minarie par Lionel","src":"https:\/\/i0.wp.com\/www.micoulou-photos.com\/wp-content\/uploads\/2024\/11\/DSC01451-2-683x1024.jpg?resize=350%2C200&ssl=1","width":350,"height":200,"srcset":"https:\/\/i0.wp.com\/www.micoulou-photos.com\/wp-content\/uploads\/2024\/11\/DSC01451-2-683x1024.jpg?resize=350%2C200&ssl=1 1x, https:\/\/i0.wp.com\/www.micoulou-photos.com\/wp-content\/uploads\/2024\/11\/DSC01451-2-683x1024.jpg?resize=525%2C300&ssl=1 1.5x"},"classes":[]}],"_links":{"self":[{"href":"https:\/\/www.micoulou-photos.com\/index.php\/wp-json\/wp\/v2\/pages\/7816","targetHints":{"allow":["GET"]}}],"collection":[{"href":"https:\/\/www.micoulou-photos.com\/index.php\/wp-json\/wp\/v2\/pages"}],"about":[{"href":"https:\/\/www.micoulou-photos.com\/index.php\/wp-json\/wp\/v2\/types\/page"}],"author":[{"embeddable":true,"href":"https:\/\/www.micoulou-photos.com\/index.php\/wp-json\/wp\/v2\/users\/1"}],"replies":[{"embeddable":true,"href":"https:\/\/www.micoulou-photos.com\/index.php\/wp-json\/wp\/v2\/comments?post=7816"}],"version-history":[{"count":55,"href":"https:\/\/www.micoulou-photos.com\/index.php\/wp-json\/wp\/v2\/pages\/7816\/revisions"}],"predecessor-version":[{"id":8174,"href":"https:\/\/www.micoulou-photos.com\/index.php\/wp-json\/wp\/v2\/pages\/7816\/revisions\/8174"}],"wp:attachment":[{"href":"https:\/\/www.micoulou-photos.com\/index.php\/wp-json\/wp\/v2\/media?parent=7816"}],"curies":[{"name":"wp","href":"https:\/\/api.w.org\/{rel}","templated":true}]}}