{"id":6123,"date":"2020-05-22T16:50:21","date_gmt":"2020-05-22T15:50:21","guid":{"rendered":"https:\/\/www.micoulou-photos.com\/?page_id=6123"},"modified":"2024-08-02T00:26:50","modified_gmt":"2024-08-01T23:26:50","slug":"formation-raspberry-pi","status":"publish","type":"page","link":"https:\/\/www.micoulou-photos.com\/index.php\/formation-raspberry-pi\/","title":{"rendered":"Formation Raspberry Pi"},"content":{"rendered":"\n<h2 class=\"wp-block-heading\">Initiation \u00e0 la carte Raspberry Pi et Raspbian<\/h2>\n\n\n\n<h2 class=\"wp-block-heading\">Objectif<\/h2>\n\n\n\n<p>Cette formation a pour objectif de pouvoir r\u00e9aliser des petits projets en utilisant une Raspberry Pi ou de l&rsquo;utiliser en tant que mini serveur.<\/p>\n\n\n\n<p>Cette formation peut avoir lieu en 2 ou 3 jours, avec un partie initiation \u00e0 Linux ou\/et Risc OS ainsi qu&rsquo;une initiation \u00e0 la programmation C, Python, Scratch ou Bash sur la carte.<\/p>\n\n\n\n<h2 class=\"wp-block-heading\">Exemple d&rsquo;utilisation :<\/h2>\n\n\n\n<ul class=\"wp-block-list\"><li>Cr\u00e9er un photobooth,<\/li><li>Mettre en place un serveur web<\/li><li>Mettre en place un arrosage automatique&#8230;<\/li><\/ul>\n\n\n\n<h2 class=\"wp-block-heading\">Pr\u00e9-requis<\/h2>\n\n\n\n<p>Conna\u00eetre les bases de l\u2019informatique.<\/p>\n\n\n\n<h2 class=\"wp-block-heading\">Public cible<\/h2>\n\n\n\n<p>Toutes personnes souhaitant r\u00e9aliser un projet avec la Raspberry Pi ou comprendre l&rsquo;architecture des ordinateurs. La formation peut \u00eatre donn\u00e9 pour des adultes ou pour un public d&rsquo;adolescent souhaitant comprendre le bas niveau en informatique.<\/p>\n\n\n\n<h2 class=\"wp-block-heading\">M\u00e9thode d&rsquo;\u00e9valuation et p\u00e9dagogie<\/h2>\n\n\n\n<p>La formation alterne les connaissances th\u00e9oriques et des exemples pratiques. Le support de cours et les corrig\u00e9s des exercices sont fournis \u00e0 la fin de la formation. Le stagiaire peut apporter ses propres id\u00e9es de cas pratiques.<\/p>\n\n\n\n<h2 class=\"wp-block-heading\">Programme de formation<\/h2>\n\n\n\n<ul class=\"wp-block-list\"><li>Pr\u00e9sentation de la carte Raspberry Pi<ul><li>Historique<\/li><li>Architecture de la carte<\/li><li>Le fonctionnement<\/li><li>Les p\u00e9riph\u00e9riques<\/li><li>Des exemples d&rsquo;utilisations<\/li><\/ul><\/li><li>Pr\u00e9sentation de Linux<ul><li>Historique<\/li><li>Architecture du syst\u00e8me d&rsquo;exploitation<\/li><li>Les distributions sp\u00e9cifique \u00e0 la Raspberry Pi<\/li><li>L&rsquo;utilisation de Linux<\/li><li>La norme POSIX<\/li><\/ul><\/li><li>Presentation de Risc OS<ul><li>Historique<\/li><li>Exemple d&rsquo;utilisation<\/li><\/ul><\/li><\/ul>\n\n\n\n<p>&gt; Un programme sur mesure s&rsquo;adaptera ensuite \u00e0 vos besoins.<\/p>\n\n\n\n<h2 class=\"wp-block-heading\">Tarifs<\/h2>\n\n\n\n<p>Si dans les locaux de l\u2019entreprise : 450\u20ac\/jour pour la prestation formation, vous devez emmener votre Raspberry Pi, Banana pi ou autre nano ordinateur ainsi qu&rsquo;un ordinateur pour pouvoir controler votre carte. Une carte (Raspberry Pi zero ou 3A+ peut etre fournie mais des frais suppl\u00e9mentaires s&rsquo;appliqueront).<\/p>\n","protected":false},"excerpt":{"rendered":"<p>Initiation \u00e0 la carte Raspberry Pi et Raspbian Objectif Cette formation a pour objectif de pouvoir r\u00e9aliser des petits projets en utilisant une Raspberry Pi ou de l&rsquo;utiliser en tant que mini serveur. Cette formation peut avoir lieu en 2 ou 3 jours, avec un partie initiation \u00e0 Linux ou\/et Risc OS ainsi qu&rsquo;une initiation [&hellip;]<\/p>\n","protected":false},"author":1,"featured_media":0,"parent":0,"menu_order":0,"comment_status":"closed","ping_status":"closed","template":"","meta":{"jetpack_post_was_ever_published":false,"footnotes":""},"class_list":["post-6123","page","type-page","status-publish","hentry"],"yoast_head":"<!-- This site is optimized with the Yoast SEO plugin v27.5 - https:\/\/yoast.com\/product\/yoast-seo-wordpress\/ -->\n<title>Formation Raspberry Pi - Micoulou Photographie<\/title>\n<meta name=\"robots\" content=\"index, follow, max-snippet:-1, max-image-preview:large, max-video-preview:-1\" \/>\n<link rel=\"canonical\" href=\"https:\/\/www.micoulou-photos.com\/index.php\/formation-raspberry-pi\/\" \/>\n<meta property=\"og:locale\" content=\"fr_FR\" \/>\n<meta property=\"og:type\" content=\"article\" \/>\n<meta property=\"og:title\" content=\"Formation Raspberry Pi - Micoulou Photographie\" \/>\n<meta property=\"og:description\" content=\"Initiation \u00e0 la carte Raspberry Pi et Raspbian Objectif Cette formation a pour objectif de pouvoir r\u00e9aliser des petits projets en utilisant une Raspberry Pi ou de l&rsquo;utiliser en tant que mini serveur. Cette formation peut avoir lieu en 2 ou 3 jours, avec un partie initiation \u00e0 Linux ou\/et Risc OS ainsi qu&rsquo;une initiation [&hellip;]\" \/>\n<meta property=\"og:url\" content=\"https:\/\/www.micoulou-photos.com\/index.php\/formation-raspberry-pi\/\" \/>\n<meta property=\"og:site_name\" content=\"Micoulou Photographie\" \/>\n<meta property=\"article:modified_time\" content=\"2024-08-01T23:26:50+00:00\" \/>\n<meta name=\"twitter:card\" content=\"summary_large_image\" \/>\n<meta name=\"twitter:label1\" content=\"Dur\u00e9e de lecture estim\u00e9e\" \/>\n\t<meta name=\"twitter:data1\" content=\"2 minutes\" \/>\n<script type=\"application\/ld+json\" class=\"yoast-schema-graph\">{\"@context\":\"https:\\\/\\\/schema.org\",\"@graph\":[{\"@type\":\"WebPage\",\"@id\":\"https:\\\/\\\/www.micoulou-photos.com\\\/index.php\\\/formation-raspberry-pi\\\/\",\"url\":\"https:\\\/\\\/www.micoulou-photos.com\\\/index.php\\\/formation-raspberry-pi\\\/\",\"name\":\"Formation Raspberry Pi - Micoulou Photographie\",\"isPartOf\":{\"@id\":\"https:\\\/\\\/www.micoulou-photos.com\\\/#website\"},\"datePublished\":\"2020-05-22T15:50:21+00:00\",\"dateModified\":\"2024-08-01T23:26:50+00:00\",\"breadcrumb\":{\"@id\":\"https:\\\/\\\/www.micoulou-photos.com\\\/index.php\\\/formation-raspberry-pi\\\/#breadcrumb\"},\"inLanguage\":\"fr-FR\",\"potentialAction\":[{\"@type\":\"ReadAction\",\"target\":[\"https:\\\/\\\/www.micoulou-photos.com\\\/index.php\\\/formation-raspberry-pi\\\/\"]}]},{\"@type\":\"BreadcrumbList\",\"@id\":\"https:\\\/\\\/www.micoulou-photos.com\\\/index.php\\\/formation-raspberry-pi\\\/#breadcrumb\",\"itemListElement\":[{\"@type\":\"ListItem\",\"position\":1,\"name\":\"Accueil\",\"item\":\"https:\\\/\\\/www.micoulou-photos.com\\\/\"},{\"@type\":\"ListItem\",\"position\":2,\"name\":\"Formation Raspberry Pi\"}]},{\"@type\":\"WebSite\",\"@id\":\"https:\\\/\\\/www.micoulou-photos.com\\\/#website\",\"url\":\"https:\\\/\\\/www.micoulou-photos.com\\\/\",\"name\":\"Micoulou Photographie\",\"description\":\"Photographies, Visites virtuelles et formations par Mickael Minarie\",\"publisher\":{\"@id\":\"https:\\\/\\\/www.micoulou-photos.com\\\/#organization\"},\"potentialAction\":[{\"@type\":\"SearchAction\",\"target\":{\"@type\":\"EntryPoint\",\"urlTemplate\":\"https:\\\/\\\/www.micoulou-photos.com\\\/?s={search_term_string}\"},\"query-input\":{\"@type\":\"PropertyValueSpecification\",\"valueRequired\":true,\"valueName\":\"search_term_string\"}}],\"inLanguage\":\"fr-FR\"},{\"@type\":\"Organization\",\"@id\":\"https:\\\/\\\/www.micoulou-photos.com\\\/#organization\",\"name\":\"Micoulou Photographie\",\"url\":\"https:\\\/\\\/www.micoulou-photos.com\\\/\",\"logo\":{\"@type\":\"ImageObject\",\"inLanguage\":\"fr-FR\",\"@id\":\"https:\\\/\\\/www.micoulou-photos.com\\\/#\\\/schema\\\/logo\\\/image\\\/\",\"url\":\"https:\\\/\\\/i0.wp.com\\\/www.micoulou-photos.com\\\/wp-content\\\/uploads\\\/2020\\\/05\\\/cropped-891667_552097324824916_1615181552_o-1.jpg?fit=643%2C722&ssl=1\",\"contentUrl\":\"https:\\\/\\\/i0.wp.com\\\/www.micoulou-photos.com\\\/wp-content\\\/uploads\\\/2020\\\/05\\\/cropped-891667_552097324824916_1615181552_o-1.jpg?fit=643%2C722&ssl=1\",\"width\":643,\"height\":722,\"caption\":\"Micoulou Photographie\"},\"image\":{\"@id\":\"https:\\\/\\\/www.micoulou-photos.com\\\/#\\\/schema\\\/logo\\\/image\\\/\"}}]}<\/script>\n<!-- \/ Yoast SEO plugin. -->","yoast_head_json":{"title":"Formation Raspberry Pi - Micoulou Photographie","robots":{"index":"index","follow":"follow","max-snippet":"max-snippet:-1","max-image-preview":"max-image-preview:large","max-video-preview":"max-video-preview:-1"},"canonical":"https:\/\/www.micoulou-photos.com\/index.php\/formation-raspberry-pi\/","og_locale":"fr_FR","og_type":"article","og_title":"Formation Raspberry Pi - Micoulou Photographie","og_description":"Initiation \u00e0 la carte Raspberry Pi et Raspbian Objectif Cette formation a pour objectif de pouvoir r\u00e9aliser des petits projets en utilisant une Raspberry Pi ou de l&rsquo;utiliser en tant que mini serveur. Cette formation peut avoir lieu en 2 ou 3 jours, avec un partie initiation \u00e0 Linux ou\/et Risc OS ainsi qu&rsquo;une initiation [&hellip;]","og_url":"https:\/\/www.micoulou-photos.com\/index.php\/formation-raspberry-pi\/","og_site_name":"Micoulou Photographie","article_modified_time":"2024-08-01T23:26:50+00:00","twitter_card":"summary_large_image","twitter_misc":{"Dur\u00e9e de lecture estim\u00e9e":"2 minutes"},"schema":{"@context":"https:\/\/schema.org","@graph":[{"@type":"WebPage","@id":"https:\/\/www.micoulou-photos.com\/index.php\/formation-raspberry-pi\/","url":"https:\/\/www.micoulou-photos.com\/index.php\/formation-raspberry-pi\/","name":"Formation Raspberry Pi - Micoulou Photographie","isPartOf":{"@id":"https:\/\/www.micoulou-photos.com\/#website"},"datePublished":"2020-05-22T15:50:21+00:00","dateModified":"2024-08-01T23:26:50+00:00","breadcrumb":{"@id":"https:\/\/www.micoulou-photos.com\/index.php\/formation-raspberry-pi\/#breadcrumb"},"inLanguage":"fr-FR","potentialAction":[{"@type":"ReadAction","target":["https:\/\/www.micoulou-photos.com\/index.php\/formation-raspberry-pi\/"]}]},{"@type":"BreadcrumbList","@id":"https:\/\/www.micoulou-photos.com\/index.php\/formation-raspberry-pi\/#breadcrumb","itemListElement":[{"@type":"ListItem","position":1,"name":"Accueil","item":"https:\/\/www.micoulou-photos.com\/"},{"@type":"ListItem","position":2,"name":"Formation Raspberry Pi"}]},{"@type":"WebSite","@id":"https:\/\/www.micoulou-photos.com\/#website","url":"https:\/\/www.micoulou-photos.com\/","name":"Micoulou Photographie","description":"Photographies, Visites virtuelles et formations par Mickael Minarie","publisher":{"@id":"https:\/\/www.micoulou-photos.com\/#organization"},"potentialAction":[{"@type":"SearchAction","target":{"@type":"EntryPoint","urlTemplate":"https:\/\/www.micoulou-photos.com\/?s={search_term_string}"},"query-input":{"@type":"PropertyValueSpecification","valueRequired":true,"valueName":"search_term_string"}}],"inLanguage":"fr-FR"},{"@type":"Organization","@id":"https:\/\/www.micoulou-photos.com\/#organization","name":"Micoulou Photographie","url":"https:\/\/www.micoulou-photos.com\/","logo":{"@type":"ImageObject","inLanguage":"fr-FR","@id":"https:\/\/www.micoulou-photos.com\/#\/schema\/logo\/image\/","url":"https:\/\/i0.wp.com\/www.micoulou-photos.com\/wp-content\/uploads\/2020\/05\/cropped-891667_552097324824916_1615181552_o-1.jpg?fit=643%2C722&ssl=1","contentUrl":"https:\/\/i0.wp.com\/www.micoulou-photos.com\/wp-content\/uploads\/2020\/05\/cropped-891667_552097324824916_1615181552_o-1.jpg?fit=643%2C722&ssl=1","width":643,"height":722,"caption":"Micoulou Photographie"},"image":{"@id":"https:\/\/www.micoulou-photos.com\/#\/schema\/logo\/image\/"}}]}},"jetpack_sharing_enabled":true,"jetpack_shortlink":"https:\/\/wp.me\/P7zKF4-1AL","jetpack-related-posts":[{"id":3674,"url":"https:\/\/www.micoulou-photos.com\/index.php\/photantik-chaine-youtube\/","url_meta":{"origin":6123,"position":0},"title":"Phot&rsquo;antik et Tech&rsquo;Antik : Chaine Youtube","author":"micoulou","date":"17 octobre 2017","format":false,"excerpt":"L'histoire de la technologie ou de la photographie vous int\u00e9resse ?Vous voulez voir comment exp\u00e9rimenter avec des anciens ordinateurs, des cassettes audio ou des vieux appareils photos ?Je vous donne rendez-vous sur ma chaine Youtube, avec plus de 400 vid\u00e9os, partag\u00e9es entre 2 \u00e9missions : Phot'antik pour ce qui est\u2026","rel":"","context":"Article similaire","block_context":{"text":"Article similaire","link":""},"img":{"alt_text":"","src":"https:\/\/i0.wp.com\/www.micoulou-photos.com\/wp-content\/uploads\/2024\/11\/banniere-youtube-800px.jpg?resize=350%2C200&ssl=1","width":350,"height":200,"srcset":"https:\/\/i0.wp.com\/www.micoulou-photos.com\/wp-content\/uploads\/2024\/11\/banniere-youtube-800px.jpg?resize=350%2C200&ssl=1 1x, https:\/\/i0.wp.com\/www.micoulou-photos.com\/wp-content\/uploads\/2024\/11\/banniere-youtube-800px.jpg?resize=525%2C300&ssl=1 1.5x, https:\/\/i0.wp.com\/www.micoulou-photos.com\/wp-content\/uploads\/2024\/11\/banniere-youtube-800px.jpg?resize=700%2C400&ssl=1 2x"},"classes":[]},{"id":6141,"url":"https:\/\/www.micoulou-photos.com\/index.php\/les-formations\/","url_meta":{"origin":6123,"position":1},"title":"Les formations","author":"micoulou","date":"26 mai 2020","format":false,"excerpt":"Formations informatique par Mickael Minarie Linux, GIMP et Photoshop par un passionn\u00e9 pour les pro arrow-icon-down D\u00e9couvrir les cours Cours 1 Cours Linux et unix Maitriser les syst\u00e8me d'exploitation Unix et Linux, pour les administrateurs syst\u00e8mes, d\u00e9veloppeurs ou techniciens informatiques. comprendre et maitriser un os libre en 2 ou 3\u2026","rel":"","context":"Article similaire","block_context":{"text":"Article similaire","link":""},"img":{"alt_text":"","src":"https:\/\/i0.wp.com\/www.micoulou-photos.com\/wp-content\/uploads\/2020\/05\/IMGP5760.jpg?fit=800%2C530&ssl=1&resize=350%2C200","width":350,"height":200,"srcset":"https:\/\/i0.wp.com\/www.micoulou-photos.com\/wp-content\/uploads\/2020\/05\/IMGP5760.jpg?fit=800%2C530&ssl=1&resize=350%2C200 1x, https:\/\/i0.wp.com\/www.micoulou-photos.com\/wp-content\/uploads\/2020\/05\/IMGP5760.jpg?fit=800%2C530&ssl=1&resize=525%2C300 1.5x, https:\/\/i0.wp.com\/www.micoulou-photos.com\/wp-content\/uploads\/2020\/05\/IMGP5760.jpg?fit=800%2C530&ssl=1&resize=700%2C400 2x"},"classes":[]},{"id":5793,"url":"https:\/\/www.micoulou-photos.com\/index.php\/formation-linux-et-unix\/","url_meta":{"origin":6123,"position":2},"title":"Formation Linux et Unix","author":"micoulou","date":"26 avril 2020","format":false,"excerpt":"Comment comprendre et maitriser lInux et unix 2 ou 3 jours sur site dans votre entreprise ou en ligne lieux d\u00e9butant ou avanc\u00e9 Niveau 22h dur\u00e9e Fran\u00e7ais ou anglais Langue partager ce cours Apr\u00e8s avoir travaill\u00e9 10 ans dans des entreprises utilisant Linux pour leurs serveurs, avoir d\u00e9pann\u00e9 des centaines\u2026","rel":"","context":"Article similaire","block_context":{"text":"Article similaire","link":""},"img":{"alt_text":"","src":"https:\/\/i0.wp.com\/www.micoulou-photos.com\/wp-content\/uploads\/2020\/05\/IMGP5794.jpg?fit=800%2C530&ssl=1&resize=350%2C200","width":350,"height":200,"srcset":"https:\/\/i0.wp.com\/www.micoulou-photos.com\/wp-content\/uploads\/2020\/05\/IMGP5794.jpg?fit=800%2C530&ssl=1&resize=350%2C200 1x, https:\/\/i0.wp.com\/www.micoulou-photos.com\/wp-content\/uploads\/2020\/05\/IMGP5794.jpg?fit=800%2C530&ssl=1&resize=525%2C300 1.5x, https:\/\/i0.wp.com\/www.micoulou-photos.com\/wp-content\/uploads\/2020\/05\/IMGP5794.jpg?fit=800%2C530&ssl=1&resize=700%2C400 2x"},"classes":[]},{"id":3057,"url":"https:\/\/www.micoulou-photos.com\/index.php\/prestations\/","url_meta":{"origin":6123,"position":3},"title":"Prestations","author":"micoulou","date":"21 f\u00e9vrier 2017","format":false,"excerpt":"Reportage 360\u00b0 \/ VR R\u00e9alisez un reportage complet sur votre propri\u00e9t\u00e9.Je met en valeur gr\u00e2ce \u00e0 la r\u00e9alisation d'images 360\u00b0 et de vid\u00e9o les lieux int\u00e9ressants. Vos clients pourront ainsi voir les lieux telle qu'ils sont.Le reportage peut contenir un ensemble de photos du lieu, des Visites virtuelles que je\u2026","rel":"","context":"Article similaire","block_context":{"text":"Article similaire","link":""},"img":{"alt_text":"","src":"https:\/\/i0.wp.com\/www.micoulou-photos.com\/wp-content\/uploads\/2016\/11\/VR360.jpg?fit=900%2C380&ssl=1&resize=350%2C200","width":350,"height":200,"srcset":"https:\/\/i0.wp.com\/www.micoulou-photos.com\/wp-content\/uploads\/2016\/11\/VR360.jpg?fit=900%2C380&ssl=1&resize=350%2C200 1x, https:\/\/i0.wp.com\/www.micoulou-photos.com\/wp-content\/uploads\/2016\/11\/VR360.jpg?fit=900%2C380&ssl=1&resize=525%2C300 1.5x, https:\/\/i0.wp.com\/www.micoulou-photos.com\/wp-content\/uploads\/2016\/11\/VR360.jpg?fit=900%2C380&ssl=1&resize=700%2C400 2x"},"classes":[]},{"id":5794,"url":"https:\/\/www.micoulou-photos.com\/index.php\/formation-adobe-creative-suite-pour-la-communication-dentreprise\/","url_meta":{"origin":6123,"position":4},"title":"Formation Adobe Creative Suite pour la communication d\u2019entreprise","author":"micoulou","date":"22 avril 2020","format":false,"excerpt":"arrow-left retour sur les formations Comment creer du contenus artistiques et percutant avec Photoshop, illustrator et indesign 5 jours 3 programmes Tous public sur site lieux Fran\u00e7ais ou anglais Langue Share This Class: Overview Passionn\u00e9 d'arts graphiques et de photographies, je vous partage ici mes comp\u00e9tences sur la suite Adobe.Cette\u2026","rel":"","context":"Article similaire","block_context":{"text":"Article similaire","link":""},"img":{"alt_text":"","src":"","width":0,"height":0},"classes":[]},{"id":302,"url":"https:\/\/www.micoulou-photos.com\/index.php\/la-photographie-panoramique\/les-tetes-panoramique\/","url_meta":{"origin":6123,"position":5},"title":"Les t\u00eates panoramiques","author":"micoulou","date":"27 septembre 2013","format":false,"excerpt":"Les t\u00eates panoramiques : Ces derniers mois, j'ai pu avoir en main plusieurs t\u00eates panoramiques, de plusieurs type, et je vous donne ici mon compte rendu. A quoi sert une t\u00eate panoramiques : Pour r\u00e9aliser une visite virtuelle, un gigapixel ou un panorama bien propre, il faut tourner l'objectif au\u2026","rel":"","context":"Article similaire","block_context":{"text":"Article similaire","link":""},"img":{"alt_text":"","src":"","width":0,"height":0},"classes":[]}],"_links":{"self":[{"href":"https:\/\/www.micoulou-photos.com\/index.php\/wp-json\/wp\/v2\/pages\/6123","targetHints":{"allow":["GET"]}}],"collection":[{"href":"https:\/\/www.micoulou-photos.com\/index.php\/wp-json\/wp\/v2\/pages"}],"about":[{"href":"https:\/\/www.micoulou-photos.com\/index.php\/wp-json\/wp\/v2\/types\/page"}],"author":[{"embeddable":true,"href":"https:\/\/www.micoulou-photos.com\/index.php\/wp-json\/wp\/v2\/users\/1"}],"replies":[{"embeddable":true,"href":"https:\/\/www.micoulou-photos.com\/index.php\/wp-json\/wp\/v2\/comments?post=6123"}],"version-history":[{"count":1,"href":"https:\/\/www.micoulou-photos.com\/index.php\/wp-json\/wp\/v2\/pages\/6123\/revisions"}],"predecessor-version":[{"id":6125,"href":"https:\/\/www.micoulou-photos.com\/index.php\/wp-json\/wp\/v2\/pages\/6123\/revisions\/6125"}],"wp:attachment":[{"href":"https:\/\/www.micoulou-photos.com\/index.php\/wp-json\/wp\/v2\/media?parent=6123"}],"curies":[{"name":"wp","href":"https:\/\/api.w.org\/{rel}","templated":true}]}}