{"id":5624,"date":"2020-04-13T17:44:02","date_gmt":"2020-04-13T16:44:02","guid":{"rendered":"https:\/\/www.micoulou-photos.com\/?page_id=5624"},"modified":"2026-04-20T14:14:44","modified_gmt":"2026-04-20T13:14:44","slug":"contact","status":"publish","type":"page","link":"https:\/\/www.micoulou-photos.com\/index.php\/contact\/","title":{"rendered":"Contact"},"content":{"rendered":"\t\t<div data-elementor-type=\"wp-page\" data-elementor-id=\"5624\" class=\"elementor elementor-5624\" data-elementor-post-type=\"page\">\n\t\t\t\t\t\t<section class=\"elementor-section elementor-top-section elementor-element elementor-element-71189a9d elementor-section-boxed elementor-section-height-default elementor-section-height-default\" data-id=\"71189a9d\" data-element_type=\"section\" data-e-type=\"section\">\n\t\t\t\t\t\t<div class=\"elementor-container elementor-column-gap-default\">\n\t\t\t\t\t<div class=\"elementor-column elementor-col-100 elementor-top-column elementor-element elementor-element-665c4533\" data-id=\"665c4533\" data-element_type=\"column\" data-e-type=\"column\">\n\t\t\t<div class=\"elementor-widget-wrap elementor-element-populated\">\n\t\t\t\t\t\t<div class=\"elementor-element elementor-element-d81f1c8 elementor-widget elementor-widget-text-editor\" data-id=\"d81f1c8\" data-element_type=\"widget\" data-e-type=\"widget\" data-widget_type=\"text-editor.default\">\n\t\t\t\t<div class=\"elementor-widget-container\">\n\t\t\t\t\t\t\t\t\t<p>Vous venez de visitez mon site, et vous souhaitez qu&rsquo;on se contacte pour parler de votre projet ou pour toutes autres raisons, c&rsquo;est bien ici.<\/p>\t\t\t\t\t\t\t\t<\/div>\n\t\t\t\t<\/div>\n\t\t\t\t<div class=\"elementor-element elementor-element-9a1edf5 elementor-button-align-stretch elementor-widget elementor-widget-form\" data-id=\"9a1edf5\" data-element_type=\"widget\" data-e-type=\"widget\" data-settings=\"{&quot;step_next_label&quot;:&quot;Suivant&quot;,&quot;step_previous_label&quot;:&quot;Pr\\u00e9c\\u00e9dent&quot;,&quot;button_width&quot;:&quot;100&quot;,&quot;step_type&quot;:&quot;number_text&quot;,&quot;step_icon_shape&quot;:&quot;circle&quot;}\" data-widget_type=\"form.default\">\n\t\t\t\t<div class=\"elementor-widget-container\">\n\t\t\t\t\t\t\t<form class=\"elementor-form\" method=\"post\" name=\"Nouveau formulaire\" aria-label=\"Nouveau formulaire\">\n\t\t\t<input type=\"hidden\" name=\"post_id\" value=\"5624\"\/>\n\t\t\t<input type=\"hidden\" name=\"form_id\" value=\"9a1edf5\"\/>\n\t\t\t<input type=\"hidden\" name=\"referer_title\" value=\"Contact - Micoulou Photographie\" \/>\n\n\t\t\t\t\t\t\t<input type=\"hidden\" name=\"queried_id\" value=\"5624\"\/>\n\t\t\t\n\t\t\t<div class=\"elementor-form-fields-wrapper elementor-labels-above\">\n\t\t\t\t\t\t\t\t<div class=\"elementor-field-type-text elementor-field-group elementor-column elementor-field-group-name elementor-col-100\">\n\t\t\t\t\t\t\t\t\t\t\t\t<label for=\"form-field-name\" class=\"elementor-field-label\">\n\t\t\t\t\t\t\t\tNom\t\t\t\t\t\t\t<\/label>\n\t\t\t\t\t\t\t\t\t\t\t\t\t\t<input size=\"1\" type=\"text\" name=\"form_fields[name]\" id=\"form-field-name\" class=\"elementor-field elementor-size-sm  elementor-field-textual\" placeholder=\"Nom\">\n\t\t\t\t\t\t\t\t\t\t\t<\/div>\n\t\t\t\t\t\t\t\t<div class=\"elementor-field-type-email elementor-field-group elementor-column elementor-field-group-email elementor-col-100 elementor-field-required\">\n\t\t\t\t\t\t\t\t\t\t\t\t<label for=\"form-field-email\" class=\"elementor-field-label\">\n\t\t\t\t\t\t\t\tE-mail\t\t\t\t\t\t\t<\/label>\n\t\t\t\t\t\t\t\t\t\t\t\t\t\t<input size=\"1\" type=\"email\" name=\"form_fields[email]\" id=\"form-field-email\" class=\"elementor-field elementor-size-sm  elementor-field-textual\" placeholder=\"E-mail\" required=\"required\">\n\t\t\t\t\t\t\t\t\t\t\t<\/div>\n\t\t\t\t\t\t\t\t<div class=\"elementor-field-type-textarea elementor-field-group elementor-column elementor-field-group-message elementor-col-100\">\n\t\t\t\t\t\t\t\t\t\t\t\t<label for=\"form-field-message\" class=\"elementor-field-label\">\n\t\t\t\t\t\t\t\tMessage\t\t\t\t\t\t\t<\/label>\n\t\t\t\t\t\t<textarea class=\"elementor-field-textual elementor-field  elementor-size-sm\" name=\"form_fields[message]\" id=\"form-field-message\" rows=\"4\" placeholder=\"Message\"><\/textarea>\t\t\t\t<\/div>\n\t\t\t\t\t\t\t\t<div class=\"elementor-field-type-recaptcha_v3 elementor-field-group elementor-column elementor-field-group-field_3aa097d elementor-col-100 recaptcha_v3-bottomright\">\n\t\t\t\t\t<div class=\"elementor-field\" id=\"form-field-field_3aa097d\"><div class=\"elementor-g-recaptcha\" data-sitekey=\"6LfTEg0dAAAAAMuN47afJRk3EtVjebwgA_EUUWK2\" data-type=\"v3\" data-action=\"Form\" data-badge=\"bottomright\" data-size=\"invisible\"><\/div><\/div>\t\t\t\t<\/div>\n\t\t\t\t\t\t\t\t<div class=\"elementor-field-group elementor-column elementor-field-type-submit elementor-col-100 e-form__buttons\">\n\t\t\t\t\t<button class=\"elementor-button elementor-size-sm\" type=\"submit\">\n\t\t\t\t\t\t<span class=\"elementor-button-content-wrapper\">\n\t\t\t\t\t\t\t\t\t\t\t\t\t\t\t\t\t\t\t\t\t\t<span class=\"elementor-button-text\">Envoyer<\/span>\n\t\t\t\t\t\t\t\t\t\t\t\t\t<\/span>\n\t\t\t\t\t<\/button>\n\t\t\t\t<\/div>\n\t\t\t<\/div>\n\t\t<\/form>\n\t\t\t\t\t\t<\/div>\n\t\t\t\t<\/div>\n\t\t\t\t<div class=\"elementor-element elementor-element-149d58c elementor-widget elementor-widget-text-editor\" data-id=\"149d58c\" data-element_type=\"widget\" data-e-type=\"widget\" data-widget_type=\"text-editor.default\">\n\t\t\t\t<div class=\"elementor-widget-container\">\n\t\t\t\t\t\t\t\t\t<p>Je ne suis pas tr\u00e8s \u00e0 l&rsquo;aise avec le t\u00e9l\u00e9phone (j&rsquo;ai un trouble autistique), on pourra discuter par t\u00e9l\u00e9phone ou en visio une fois le premier contact \u00e9tablie, \u00e7a permet ainsi d\u2019\u00eatre plus serein dans l\u2019\u00e9change des deux cot\u00e9.<\/p>\n<p>\u00a0<\/p>\n<p>Vous pouvez aussi venir me rencontrer au caf\u00e9 associatif de Mareuil en Perigord<\/p>\n<p>\u00ab\u00a0Au Coin Du March\u00e9\u00a0\u00bb<\/p>\n<p>26 place du march\u00e9<br \/>24340 Mareuil-en-p\u00e9rigord<\/p>\n<p>Je suis aussi joignable sur les r\u00e9seaux sociaux :<\/p>\n<p>\u00a0<\/p>\n<p><!-- \/wp:paragraph --><\/p>\n<p><!-- wp:paragraph --><\/p>\n<p>Facebook : <a href=\"https:\/\/www.facebook.com\/micoulouphotos\/\" target=\"_blank\" rel=\"noopener\"> phot&rsquo;antik \/ tech&rsquo;antik par Mickael Minarie<\/a><\/p>\n<p><!-- \/wp:paragraph --><\/p>\n<p><!-- wp:paragraph --><\/p>\n<p>Linkedin : <a href=\"https:\/\/fr.linkedin.com\/in\/mminarie\" target=\"_blank\" rel=\"noopener\">mickael.minarie<\/a><\/p>\n<p><!-- \/wp:paragraph --><\/p>\n<p><!-- wp:paragraph --><\/p>\n<p>instagram<a href=\"https:\/\/www.instagram.com\/mickaelminarie\/\" target=\"_blank\" rel=\"noopener\"> @mickaelminarie <\/a>(aussi sur\u00a0<a href=\"https:\/\/www.threads.net\/@mickaelminarie\" target=\"_blank\" rel=\"noopener\">thread<\/a>) ou la page tech&rsquo;antik <a href=\"https:\/\/www.instagram.com\/mickael_minarie\/\" target=\"_blank\" rel=\"noopener\">@mickael_minarie<\/a><\/p>\n<p>\u00a0<\/p>\n<p>Vous pouvez aussi venir discuter sur le groupe discord : <a href=\"https:\/\/discord.gg\/ej4FsW6UbV\" target=\"_blank\" rel=\"noopener\">https:\/\/discord.gg\/ej4FsW6UbV<\/a><\/p>\n<p><!-- \/wp:paragraph --><\/p>\n<p><!-- wp:paragraph --><\/p>\n<p>\u00a0<\/p>\n<p><!-- \/wp:paragraph --><\/p>\n<p><!-- wp:paragraph --><\/p>\n<p><span style=\"font-size: small;\">A tr\u00e8s bient\u00f4t, en ligne ou dans la r\u00e9alit\u00e9 !<\/span><\/p>\n<p>\u00a0<\/p>\n<p>Je travaille avec\u00a0<span class=\"brz-cp-color1\">Ori\u00fa, SCOP ARL \u00e0 capital variable<\/span><\/p>\n<p class=\"brz-tp-lg-paragraph brz-css-gwU1M\" data-generated-css=\"brz-css-fEjFU\" data-uniq-id=\"oT6OD\"><span class=\"brz-cp-color1\">RCS Poitiers \u2013 Siret : 81231140500011<\/span><\/p>\n<p class=\"brz-tp-lg-paragraph brz-css-oPIkl\" data-generated-css=\"brz-css-b9DNQ\" data-uniq-id=\"fpfdX\"><span class=\"brz-cp-color1\">TVA intra : FR 26 812311405<\/span><\/p>\n<p>https:\/\/www.oriu.coop\/cooperateur-trice\/techantik<\/p>\n<p><!-- \/wp:paragraph --><\/p>\n<p><!-- wp:paragraph --><\/p>\n<p><!-- \/wp:paragraph --><\/p>\t\t\t\t\t\t\t\t<\/div>\n\t\t\t\t<\/div>\n\t\t\t\t\t<\/div>\n\t\t<\/div>\n\t\t\t\t\t<\/div>\n\t\t<\/section>\n\t\t\t\t<\/div>\n\t\t","protected":false},"excerpt":{"rendered":"<p>Vous venez de visitez mon site, et vous souhaitez qu&rsquo;on se contacte pour parler de votre projet ou pour toutes autres raisons, c&rsquo;est bien ici. Je ne suis pas tr\u00e8s \u00e0 l&rsquo;aise avec le t\u00e9l\u00e9phone (j&rsquo;ai un trouble autistique), on pourra discuter par t\u00e9l\u00e9phone ou en visio une fois le premier contact \u00e9tablie, \u00e7a permet [&hellip;]<\/p>\n","protected":false},"author":1,"featured_media":0,"parent":0,"menu_order":0,"comment_status":"closed","ping_status":"closed","template":"","meta":{"footnotes":""},"class_list":["post-5624","page","type-page","status-publish","hentry"],"yoast_head":"<!-- This site is optimized with the Yoast SEO plugin v27.5 - https:\/\/yoast.com\/product\/yoast-seo-wordpress\/ -->\n<title>Contact - Micoulou Photographie<\/title>\n<meta name=\"robots\" content=\"index, follow, max-snippet:-1, max-image-preview:large, max-video-preview:-1\" \/>\n<link rel=\"canonical\" href=\"https:\/\/www.micoulou-photos.com\/index.php\/contact\/\" \/>\n<meta property=\"og:locale\" content=\"fr_FR\" \/>\n<meta property=\"og:type\" content=\"article\" \/>\n<meta property=\"og:title\" content=\"Contact - Micoulou Photographie\" \/>\n<meta property=\"og:description\" content=\"Vous venez de visitez mon site, et vous souhaitez qu&rsquo;on se contacte pour parler de votre projet ou pour toutes autres raisons, c&rsquo;est bien ici. Je ne suis pas tr\u00e8s \u00e0 l&rsquo;aise avec le t\u00e9l\u00e9phone (j&rsquo;ai un trouble autistique), on pourra discuter par t\u00e9l\u00e9phone ou en visio une fois le premier contact \u00e9tablie, \u00e7a permet [&hellip;]\" \/>\n<meta property=\"og:url\" content=\"https:\/\/www.micoulou-photos.com\/index.php\/contact\/\" \/>\n<meta property=\"og:site_name\" content=\"Micoulou Photographie\" \/>\n<meta property=\"article:modified_time\" content=\"2026-04-20T13:14:44+00:00\" \/>\n<meta name=\"twitter:card\" content=\"summary_large_image\" \/>\n<meta name=\"twitter:label1\" content=\"Dur\u00e9e de lecture estim\u00e9e\" \/>\n\t<meta name=\"twitter:data1\" content=\"1 minute\" \/>\n<script type=\"application\/ld+json\" class=\"yoast-schema-graph\">{\"@context\":\"https:\\\/\\\/schema.org\",\"@graph\":[{\"@type\":\"WebPage\",\"@id\":\"https:\\\/\\\/www.micoulou-photos.com\\\/index.php\\\/contact\\\/\",\"url\":\"https:\\\/\\\/www.micoulou-photos.com\\\/index.php\\\/contact\\\/\",\"name\":\"Contact - Micoulou Photographie\",\"isPartOf\":{\"@id\":\"https:\\\/\\\/www.micoulou-photos.com\\\/#website\"},\"datePublished\":\"2020-04-13T16:44:02+00:00\",\"dateModified\":\"2026-04-20T13:14:44+00:00\",\"breadcrumb\":{\"@id\":\"https:\\\/\\\/www.micoulou-photos.com\\\/index.php\\\/contact\\\/#breadcrumb\"},\"inLanguage\":\"fr-FR\",\"potentialAction\":[{\"@type\":\"ReadAction\",\"target\":[\"https:\\\/\\\/www.micoulou-photos.com\\\/index.php\\\/contact\\\/\"]}]},{\"@type\":\"BreadcrumbList\",\"@id\":\"https:\\\/\\\/www.micoulou-photos.com\\\/index.php\\\/contact\\\/#breadcrumb\",\"itemListElement\":[{\"@type\":\"ListItem\",\"position\":1,\"name\":\"Accueil\",\"item\":\"https:\\\/\\\/www.micoulou-photos.com\\\/\"},{\"@type\":\"ListItem\",\"position\":2,\"name\":\"Contact\"}]},{\"@type\":\"WebSite\",\"@id\":\"https:\\\/\\\/www.micoulou-photos.com\\\/#website\",\"url\":\"https:\\\/\\\/www.micoulou-photos.com\\\/\",\"name\":\"Micoulou Photographie\",\"description\":\"Photographies, Visites virtuelles et formations par Mickael Minarie\",\"publisher\":{\"@id\":\"https:\\\/\\\/www.micoulou-photos.com\\\/#organization\"},\"potentialAction\":[{\"@type\":\"SearchAction\",\"target\":{\"@type\":\"EntryPoint\",\"urlTemplate\":\"https:\\\/\\\/www.micoulou-photos.com\\\/?s={search_term_string}\"},\"query-input\":{\"@type\":\"PropertyValueSpecification\",\"valueRequired\":true,\"valueName\":\"search_term_string\"}}],\"inLanguage\":\"fr-FR\"},{\"@type\":\"Organization\",\"@id\":\"https:\\\/\\\/www.micoulou-photos.com\\\/#organization\",\"name\":\"Micoulou Photographie\",\"url\":\"https:\\\/\\\/www.micoulou-photos.com\\\/\",\"logo\":{\"@type\":\"ImageObject\",\"inLanguage\":\"fr-FR\",\"@id\":\"https:\\\/\\\/www.micoulou-photos.com\\\/#\\\/schema\\\/logo\\\/image\\\/\",\"url\":\"https:\\\/\\\/i0.wp.com\\\/www.micoulou-photos.com\\\/wp-content\\\/uploads\\\/2020\\\/05\\\/cropped-891667_552097324824916_1615181552_o-1.jpg?fit=643%2C722&ssl=1\",\"contentUrl\":\"https:\\\/\\\/i0.wp.com\\\/www.micoulou-photos.com\\\/wp-content\\\/uploads\\\/2020\\\/05\\\/cropped-891667_552097324824916_1615181552_o-1.jpg?fit=643%2C722&ssl=1\",\"width\":643,\"height\":722,\"caption\":\"Micoulou Photographie\"},\"image\":{\"@id\":\"https:\\\/\\\/www.micoulou-photos.com\\\/#\\\/schema\\\/logo\\\/image\\\/\"}}]}<\/script>\n<!-- \/ Yoast SEO plugin. -->","yoast_head_json":{"title":"Contact - Micoulou Photographie","robots":{"index":"index","follow":"follow","max-snippet":"max-snippet:-1","max-image-preview":"max-image-preview:large","max-video-preview":"max-video-preview:-1"},"canonical":"https:\/\/www.micoulou-photos.com\/index.php\/contact\/","og_locale":"fr_FR","og_type":"article","og_title":"Contact - Micoulou Photographie","og_description":"Vous venez de visitez mon site, et vous souhaitez qu&rsquo;on se contacte pour parler de votre projet ou pour toutes autres raisons, c&rsquo;est bien ici. Je ne suis pas tr\u00e8s \u00e0 l&rsquo;aise avec le t\u00e9l\u00e9phone (j&rsquo;ai un trouble autistique), on pourra discuter par t\u00e9l\u00e9phone ou en visio une fois le premier contact \u00e9tablie, \u00e7a permet [&hellip;]","og_url":"https:\/\/www.micoulou-photos.com\/index.php\/contact\/","og_site_name":"Micoulou Photographie","article_modified_time":"2026-04-20T13:14:44+00:00","twitter_card":"summary_large_image","twitter_misc":{"Dur\u00e9e de lecture estim\u00e9e":"1 minute"},"schema":{"@context":"https:\/\/schema.org","@graph":[{"@type":"WebPage","@id":"https:\/\/www.micoulou-photos.com\/index.php\/contact\/","url":"https:\/\/www.micoulou-photos.com\/index.php\/contact\/","name":"Contact - Micoulou Photographie","isPartOf":{"@id":"https:\/\/www.micoulou-photos.com\/#website"},"datePublished":"2020-04-13T16:44:02+00:00","dateModified":"2026-04-20T13:14:44+00:00","breadcrumb":{"@id":"https:\/\/www.micoulou-photos.com\/index.php\/contact\/#breadcrumb"},"inLanguage":"fr-FR","potentialAction":[{"@type":"ReadAction","target":["https:\/\/www.micoulou-photos.com\/index.php\/contact\/"]}]},{"@type":"BreadcrumbList","@id":"https:\/\/www.micoulou-photos.com\/index.php\/contact\/#breadcrumb","itemListElement":[{"@type":"ListItem","position":1,"name":"Accueil","item":"https:\/\/www.micoulou-photos.com\/"},{"@type":"ListItem","position":2,"name":"Contact"}]},{"@type":"WebSite","@id":"https:\/\/www.micoulou-photos.com\/#website","url":"https:\/\/www.micoulou-photos.com\/","name":"Micoulou Photographie","description":"Photographies, Visites virtuelles et formations par Mickael Minarie","publisher":{"@id":"https:\/\/www.micoulou-photos.com\/#organization"},"potentialAction":[{"@type":"SearchAction","target":{"@type":"EntryPoint","urlTemplate":"https:\/\/www.micoulou-photos.com\/?s={search_term_string}"},"query-input":{"@type":"PropertyValueSpecification","valueRequired":true,"valueName":"search_term_string"}}],"inLanguage":"fr-FR"},{"@type":"Organization","@id":"https:\/\/www.micoulou-photos.com\/#organization","name":"Micoulou Photographie","url":"https:\/\/www.micoulou-photos.com\/","logo":{"@type":"ImageObject","inLanguage":"fr-FR","@id":"https:\/\/www.micoulou-photos.com\/#\/schema\/logo\/image\/","url":"https:\/\/i0.wp.com\/www.micoulou-photos.com\/wp-content\/uploads\/2020\/05\/cropped-891667_552097324824916_1615181552_o-1.jpg?fit=643%2C722&ssl=1","contentUrl":"https:\/\/i0.wp.com\/www.micoulou-photos.com\/wp-content\/uploads\/2020\/05\/cropped-891667_552097324824916_1615181552_o-1.jpg?fit=643%2C722&ssl=1","width":643,"height":722,"caption":"Micoulou Photographie"},"image":{"@id":"https:\/\/www.micoulou-photos.com\/#\/schema\/logo\/image\/"}}]}},"jetpack_sharing_enabled":true,"jetpack_shortlink":"https:\/\/wp.me\/P7zKF4-1sI","jetpack-related-posts":[{"id":8623,"url":"https:\/\/www.micoulou-photos.com\/index.php\/contact-2\/","url_meta":{"origin":5624,"position":0},"title":"Contact Me","author":"micoulou","date":"13 avril 2020","format":false,"excerpt":"If you\u2019ve just visited my website and would like to get in touch to discuss your project\u2014or anything else\u2014you\u2019re in the right place.I\u2019m more at ease starting conversations in writing (I\u2019m on the autism spectrum).Once we\u2019ve connected, we can arrange a phone or video call if needed\u2014this way, the exchange\u2026","rel":"","context":"Article similaire","block_context":{"text":"Article similaire","link":""},"img":{"alt_text":"","src":"","width":0,"height":0},"classes":[]},{"id":5576,"url":"https:\/\/www.micoulou-photos.com\/index.php\/votre-reportage\/","url_meta":{"origin":5624,"position":1},"title":"Votre reportage","author":"micoulou","date":"12 avril 2020","format":false,"excerpt":"Photoreportage Reportage photo sur un \u00e9v\u00e8nement type mariage, anniversaire, f\u00eate... Videoreportage Un reportage vid\u00e9o sur des \u00e9v\u00e8nements culturels, mariages... Visites virtuelles photographie \u00e0 360\u00b0 de type VR pour de la photographie immobili\u00e8re. Micka\u00ebl Minarie, photographe atypique et authentique Je pense \u00eatre authentique car vivant parfois \u00ab dans ma bulle \u00bb,\u2026","rel":"","context":"Article similaire","block_context":{"text":"Article similaire","link":""},"img":{"alt_text":"portrait Mickael Minarie par Lionel","src":"https:\/\/i0.wp.com\/www.micoulou-photos.com\/wp-content\/uploads\/2024\/11\/DSC01451-2-683x1024.jpg?resize=350%2C200&ssl=1","width":350,"height":200,"srcset":"https:\/\/i0.wp.com\/www.micoulou-photos.com\/wp-content\/uploads\/2024\/11\/DSC01451-2-683x1024.jpg?resize=350%2C200&ssl=1 1x, https:\/\/i0.wp.com\/www.micoulou-photos.com\/wp-content\/uploads\/2024\/11\/DSC01451-2-683x1024.jpg?resize=525%2C300&ssl=1 1.5x"},"classes":[]},{"id":8617,"url":"https:\/\/www.micoulou-photos.com\/index.php\/photoreportage-2\/","url_meta":{"origin":5624,"position":2},"title":"Photoreportage &#8211; english","author":"micoulou","date":"27 octobre 2024","format":false,"excerpt":"Reportage A timeless vision for your memories. I photograph weddings and events with a discreet, observant approach\u2014always searching for genuine moments: a fleeting glance, a quiet gesture, something real. \u00a0 For posed portraits, I sometimes use vintage cameras that create a unique, almost timeless aesthetic. For key moments, I rely\u2026","rel":"","context":"Article similaire","block_context":{"text":"Article similaire","link":""},"img":{"alt_text":"","src":"https:\/\/i0.wp.com\/www.micoulou-photos.com\/wp-content\/uploads\/2019\/01\/IMG_5448.jpg?resize=350%2C200&ssl=1","width":350,"height":200,"srcset":"https:\/\/i0.wp.com\/www.micoulou-photos.com\/wp-content\/uploads\/2019\/01\/IMG_5448.jpg?resize=350%2C200&ssl=1 1x, https:\/\/i0.wp.com\/www.micoulou-photos.com\/wp-content\/uploads\/2019\/01\/IMG_5448.jpg?resize=525%2C300&ssl=1 1.5x, https:\/\/i0.wp.com\/www.micoulou-photos.com\/wp-content\/uploads\/2019\/01\/IMG_5448.jpg?resize=700%2C400&ssl=1 2x"},"classes":[]},{"id":1592,"url":"https:\/\/www.micoulou-photos.com\/index.php\/page-dacceuil\/","url_meta":{"origin":5624,"position":3},"title":"Visites virtuelles, paysages oniriques et vie alternative par Mickael Minarie","author":"micoulou","date":"29 mai 2016","format":false,"excerpt":"Photographe en nouvelle aquitaine Attention : en avril 2020, je refais mon site, tout va changer ! Il risque d'y avoir des soucis pendant quelques jours... Photographe de Reportage et VRUn mariage, concert ou tout autre \u00e9v\u00e9nement m\u00e9morable ? Je vous r\u00e9alise un reportage photo sur mesure et originale. Disponible\u2026","rel":"","context":"Article similaire","block_context":{"text":"Article similaire","link":""},"img":{"alt_text":"","src":"https:\/\/i0.wp.com\/www.micoulou-photos.com\/wp-content\/uploads\/2020\/03\/Photantik-logo-2018-small.jpg?resize=350%2C200&ssl=1","width":350,"height":200,"srcset":"https:\/\/i0.wp.com\/www.micoulou-photos.com\/wp-content\/uploads\/2020\/03\/Photantik-logo-2018-small.jpg?resize=350%2C200&ssl=1 1x, https:\/\/i0.wp.com\/www.micoulou-photos.com\/wp-content\/uploads\/2020\/03\/Photantik-logo-2018-small.jpg?resize=525%2C300&ssl=1 1.5x"},"classes":[]},{"id":5793,"url":"https:\/\/www.micoulou-photos.com\/index.php\/formation-linux-et-unix\/","url_meta":{"origin":5624,"position":4},"title":"Formation Linux et Unix","author":"micoulou","date":"26 avril 2020","format":false,"excerpt":"Comment comprendre et maitriser lInux et unix 2 ou 3 jours sur site dans votre entreprise ou en ligne lieux d\u00e9butant ou avanc\u00e9 Niveau 22h dur\u00e9e Fran\u00e7ais ou anglais Langue partager ce cours Apr\u00e8s avoir travaill\u00e9 10 ans dans des entreprises utilisant Linux pour leurs serveurs, avoir d\u00e9pann\u00e9 des centaines\u2026","rel":"","context":"Article similaire","block_context":{"text":"Article similaire","link":""},"img":{"alt_text":"","src":"https:\/\/i0.wp.com\/www.micoulou-photos.com\/wp-content\/uploads\/2020\/05\/IMGP5794.jpg?fit=800%2C530&ssl=1&resize=350%2C200","width":350,"height":200,"srcset":"https:\/\/i0.wp.com\/www.micoulou-photos.com\/wp-content\/uploads\/2020\/05\/IMGP5794.jpg?fit=800%2C530&ssl=1&resize=350%2C200 1x, https:\/\/i0.wp.com\/www.micoulou-photos.com\/wp-content\/uploads\/2020\/05\/IMGP5794.jpg?fit=800%2C530&ssl=1&resize=525%2C300 1.5x, https:\/\/i0.wp.com\/www.micoulou-photos.com\/wp-content\/uploads\/2020\/05\/IMGP5794.jpg?fit=800%2C530&ssl=1&resize=700%2C400 2x"},"classes":[]},{"id":301,"url":"https:\/\/www.micoulou-photos.com\/index.php\/2013\/08\/08\/presentation\/","url_meta":{"origin":5624,"position":5},"title":"Pr\u00e9sentation","author":"micoulou","date":"8 ao\u00fbt 2013","format":false,"excerpt":"Je suis photographe professionnel passionn\u00e9, avec du mat\u00e9riel peu conventionnel. Des gros monstres photographique russes aux miniatures japonaises, si je passe un jour par chez vous, ne vous \u00e9tonnez pas de mon mat\u00e9riel \u00e9trange et de ma pratique photographique. Je suis aussi passionn\u00e9 de voyage. J'ai toujours \u00e9t\u00e9 passionn\u00e9 de\u2026","rel":"","context":"Article similaire","block_context":{"text":"Article similaire","link":""},"img":{"alt_text":"600361_552097324824916_1615181552_n","src":"https:\/\/i0.wp.com\/www.micoulou-photos.com\/wp-content\/uploads\/2013\/08\/600361_552097324824916_1615181552_n-201x300.jpg?resize=350%2C200","width":350,"height":200},"classes":[]}],"_links":{"self":[{"href":"https:\/\/www.micoulou-photos.com\/index.php\/wp-json\/wp\/v2\/pages\/5624","targetHints":{"allow":["GET"]}}],"collection":[{"href":"https:\/\/www.micoulou-photos.com\/index.php\/wp-json\/wp\/v2\/pages"}],"about":[{"href":"https:\/\/www.micoulou-photos.com\/index.php\/wp-json\/wp\/v2\/types\/page"}],"author":[{"embeddable":true,"href":"https:\/\/www.micoulou-photos.com\/index.php\/wp-json\/wp\/v2\/users\/1"}],"replies":[{"embeddable":true,"href":"https:\/\/www.micoulou-photos.com\/index.php\/wp-json\/wp\/v2\/comments?post=5624"}],"version-history":[{"count":44,"href":"https:\/\/www.micoulou-photos.com\/index.php\/wp-json\/wp\/v2\/pages\/5624\/revisions"}],"predecessor-version":[{"id":8589,"href":"https:\/\/www.micoulou-photos.com\/index.php\/wp-json\/wp\/v2\/pages\/5624\/revisions\/8589"}],"wp:attachment":[{"href":"https:\/\/www.micoulou-photos.com\/index.php\/wp-json\/wp\/v2\/media?parent=5624"}],"curies":[{"name":"wp","href":"https:\/\/api.w.org\/{rel}","templated":true}]}}